{"id":2,"date":"2016-05-10T03:48:21","date_gmt":"2016-05-10T03:48:21","guid":{"rendered":"http:\/\/gaestefuehrung-stedinger-land.de\/?page_id=2"},"modified":"2022-03-03T17:44:28","modified_gmt":"2022-03-03T17:44:28","slug":"sample-page","status":"publish","type":"page","link":"http:\/\/gaestefuehrung-stedinger-land.de\/","title":{"rendered":"G\u00e4stef\u00fchrung \u201eStedinger Land&#8220;"},"content":{"rendered":"<h3><img decoding=\"async\" loading=\"lazy\" class=\"size-full wp-image-61 aligncenter\" src=\"http:\/\/gaestefuehrung-stedinger-land.de\/wp-content\/uploads\/2018\/11\/logo-1.jpg\" alt=\"\" width=\"70\" height=\"70\" \/><\/h3>\n<p style=\"text-align: center;\"><strong>G\u00e4stef\u00fchren mit Stern<\/strong><\/p>\n<p><strong style=\"color: revert; letter-spacing: 0.1em; text-transform: uppercase;\"><span style=\"font-family: Arial;\"><span style=\"font-size: small;\">Herzlich willkommen auf unserer Homepage!<\/span><\/span><\/strong><\/p>\n<p><span style=\"font-family: Arial;\"><span style=\"font-size: small;\">D<strong>ie G\u00e4stef\u00fchrerinnen des Stedinger Landes begleiten Sie per Bus, per Fahrrad oder zu Fu\u00df durch die S\u00fcdliche Wesermarsch und zu vielen anderen sch\u00f6nen Zielen in der Umgebung.<\/strong><\/span><\/span><\/p>\n<p><strong><span style=\"font-family: Arial;\"><span style=\"font-size: small;\">Erleben Sie eine gro\u00dfz\u00fcgige Landschaft mit einzigartiger Natur und Kultur zwischen Fl\u00fcssen, Deichen und Mooren.<\/span><\/span><\/strong><\/p>\n<p><strong><span style=\"font-family: Arial;\"><span style=\"font-size: small;\">Verfolgen Sie die Entwicklung von der ersten schwerlichen Besiedlung, dem Beginn des Bootsbaus bis hin zur heutigen hochspezialisierten Werft- und Hightechindustrie.<\/span><\/span><\/strong><\/p>\n<p><strong><span style=\"font-family: Arial;\"><span style=\"font-size: small;\">Wir nehmen Sie gerne mit auf eine Reise durch die Geschichte unserer Heimat und ihren Sehensw\u00fcrdigkeiten.<\/span><\/span><span style=\"font-family: Arial;\"><span style=\"font-size: small;\">Genie\u00dfen Sie die Natur und lernen Sie die Menschen kennen, die hier zu Hause <\/span><\/span><span style=\"font-family: Arial;\"><span style=\"font-size: small;\">sind.<\/span><\/span><\/strong><\/p>\n<p><span style=\"font-size: large;\"><b>\u00a0<\/b><\/span><\/p>\n\n\n<p><\/p>\n","protected":false},"excerpt":{"rendered":"<p>G\u00e4stef\u00fchren mit Stern Herzlich willkommen auf unserer Homepage! Die G\u00e4stef\u00fchrerinnen des Stedinger Landes begleiten Sie per Bus, per Fahrrad oder zu Fu\u00df durch die S\u00fcdliche Wesermarsch und zu vielen anderen sch\u00f6nen Zielen in der Umgebung. Erleben Sie eine gro\u00dfz\u00fcgige Landschaft mit einzigartiger Natur und Kultur zwischen Fl\u00fcssen, Deichen und Mooren. Verfolgen Sie die Entwicklung von &hellip; <a href=\"http:\/\/gaestefuehrung-stedinger-land.de\/\" class=\"more-link\"><span class=\"screen-reader-text\">G\u00e4stef\u00fchrung \u201eStedinger Land&#8220;<\/span> weiterlesen<\/a><\/p>\n","protected":false},"author":1,"featured_media":5,"parent":0,"menu_order":0,"comment_status":"closed","ping_status":"open","template":"","meta":{"footnotes":""},"_links":{"self":[{"href":"http:\/\/gaestefuehrung-stedinger-land.de\/index.php?rest_route=\/wp\/v2\/pages\/2"}],"collection":[{"href":"http:\/\/gaestefuehrung-stedinger-land.de\/index.php?rest_route=\/wp\/v2\/pages"}],"about":[{"href":"http:\/\/gaestefuehrung-stedinger-land.de\/index.php?rest_route=\/wp\/v2\/types\/page"}],"author":[{"embeddable":true,"href":"http:\/\/gaestefuehrung-stedinger-land.de\/index.php?rest_route=\/wp\/v2\/users\/1"}],"replies":[{"embeddable":true,"href":"http:\/\/gaestefuehrung-stedinger-land.de\/index.php?rest_route=%2Fwp%2Fv2%2Fcomments&post=2"}],"version-history":[{"count":26,"href":"http:\/\/gaestefuehrung-stedinger-land.de\/index.php?rest_route=\/wp\/v2\/pages\/2\/revisions"}],"predecessor-version":[{"id":770,"href":"http:\/\/gaestefuehrung-stedinger-land.de\/index.php?rest_route=\/wp\/v2\/pages\/2\/revisions\/770"}],"wp:featuredmedia":[{"embeddable":true,"href":"http:\/\/gaestefuehrung-stedinger-land.de\/index.php?rest_route=\/wp\/v2\/media\/5"}],"wp:attachment":[{"href":"http:\/\/gaestefuehrung-stedinger-land.de\/index.php?rest_route=%2Fwp%2Fv2%2Fmedia&parent=2"}],"curies":[{"name":"wp","href":"https:\/\/api.w.org\/{rel}","templated":true}]}}