{"id":186,"date":"2018-11-13T17:45:46","date_gmt":"2018-11-13T17:45:46","guid":{"rendered":"http:\/\/gaestefuehrung-stedinger-land.de\/?page_id=186"},"modified":"2022-04-25T10:28:07","modified_gmt":"2022-04-25T10:28:07","slug":"rastplatz","status":"publish","type":"page","link":"http:\/\/gaestefuehrung-stedinger-land.de\/?page_id=186","title":{"rendered":"Rastplatz"},"content":{"rendered":"<h2 class=\"entry-title\">Interessengemeinschaft \u2013 Rastplatz Berne \u2013 Weserdeich<\/h2>\n<p style=\"text-align: center;\"><em><strong>Willkommen auf unserem Rast- und Festplatz.<\/strong><\/em><\/p>\n<p><img decoding=\"async\" loading=\"lazy\" id=\"Bild15\" class=\"\" title=\"CIMG2790\" src=\"http:\/\/5930326.swh.strato-hosting.eu\/Rastplatz\/assets\/images\/autogen\/CIMG2790.jpg\" alt=\"CIMG2790\" width=\"687\" height=\"655\" border=\"0\" \/><\/p>\n<p><img decoding=\"async\" loading=\"lazy\" class=\"size-full wp-image-217\" src=\"http:\/\/gaestefuehrung-stedinger-land.de\/wp-content\/uploads\/2018\/11\/H\u00fctte.jpg\" alt=\"\" width=\"2560\" height=\"1920\" srcset=\"http:\/\/gaestefuehrung-stedinger-land.de\/wp-content\/uploads\/2018\/11\/H\u00fctte.jpg 2560w, http:\/\/gaestefuehrung-stedinger-land.de\/wp-content\/uploads\/2018\/11\/H\u00fctte-300x225.jpg 300w, http:\/\/gaestefuehrung-stedinger-land.de\/wp-content\/uploads\/2018\/11\/H\u00fctte-768x576.jpg 768w, http:\/\/gaestefuehrung-stedinger-land.de\/wp-content\/uploads\/2018\/11\/H\u00fctte-1024x768.jpg 1024w\" sizes=\"(max-width: 2560px) 100vw, 2560px\" \/><\/p>\n<p><img decoding=\"async\" loading=\"lazy\" class=\"alignnone  wp-image-729\" src=\"http:\/\/gaestefuehrung-stedinger-land.de\/wp-content\/uploads\/2021\/12\/20211220_132840-1024x768.jpg\" alt=\"\" width=\"692\" height=\"519\" srcset=\"http:\/\/gaestefuehrung-stedinger-land.de\/wp-content\/uploads\/2021\/12\/20211220_132840-1024x768.jpg 1024w, http:\/\/gaestefuehrung-stedinger-land.de\/wp-content\/uploads\/2021\/12\/20211220_132840-300x225.jpg 300w, http:\/\/gaestefuehrung-stedinger-land.de\/wp-content\/uploads\/2021\/12\/20211220_132840-768x576.jpg 768w, http:\/\/gaestefuehrung-stedinger-land.de\/wp-content\/uploads\/2021\/12\/20211220_132840-1536x1152.jpg 1536w, http:\/\/gaestefuehrung-stedinger-land.de\/wp-content\/uploads\/2021\/12\/20211220_132840-2048x1536.jpg 2048w\" sizes=\"(max-width: 692px) 100vw, 692px\" \/><\/p>\n<p><img decoding=\"async\" loading=\"lazy\" class=\"size-full wp-image-220\" src=\"http:\/\/gaestefuehrung-stedinger-land.de\/wp-content\/uploads\/2018\/11\/Schild-EU.jpg\" alt=\"\" width=\"2344\" height=\"1450\" srcset=\"http:\/\/gaestefuehrung-stedinger-land.de\/wp-content\/uploads\/2018\/11\/Schild-EU.jpg 2344w, http:\/\/gaestefuehrung-stedinger-land.de\/wp-content\/uploads\/2018\/11\/Schild-EU-300x186.jpg 300w, http:\/\/gaestefuehrung-stedinger-land.de\/wp-content\/uploads\/2018\/11\/Schild-EU-768x475.jpg 768w, http:\/\/gaestefuehrung-stedinger-land.de\/wp-content\/uploads\/2018\/11\/Schild-EU-1024x633.jpg 1024w, http:\/\/gaestefuehrung-stedinger-land.de\/wp-content\/uploads\/2018\/11\/Schild-EU-825x510.jpg 825w\" sizes=\"(max-width: 2344px) 100vw, 2344px\" \/><\/p>\n<p style=\"text-align: center;\"><b>Die Rasth\u00fctte und die Pflasterung zur Stra\u00dfe geh\u00f6ren zum Rastplatzprogramm.<\/b><\/p>\n","protected":false},"excerpt":{"rendered":"<p>Interessengemeinschaft \u2013 Rastplatz Berne \u2013 Weserdeich Willkommen auf unserem Rast- und Festplatz. Die Rasth\u00fctte und die Pflasterung zur Stra\u00dfe geh\u00f6ren zum Rastplatzprogramm.<\/p>\n","protected":false},"author":2,"featured_media":0,"parent":0,"menu_order":0,"comment_status":"closed","ping_status":"closed","template":"","meta":{"footnotes":""},"_links":{"self":[{"href":"http:\/\/gaestefuehrung-stedinger-land.de\/index.php?rest_route=\/wp\/v2\/pages\/186"}],"collection":[{"href":"http:\/\/gaestefuehrung-stedinger-land.de\/index.php?rest_route=\/wp\/v2\/pages"}],"about":[{"href":"http:\/\/gaestefuehrung-stedinger-land.de\/index.php?rest_route=\/wp\/v2\/types\/page"}],"author":[{"embeddable":true,"href":"http:\/\/gaestefuehrung-stedinger-land.de\/index.php?rest_route=\/wp\/v2\/users\/2"}],"replies":[{"embeddable":true,"href":"http:\/\/gaestefuehrung-stedinger-land.de\/index.php?rest_route=%2Fwp%2Fv2%2Fcomments&post=186"}],"version-history":[{"count":69,"href":"http:\/\/gaestefuehrung-stedinger-land.de\/index.php?rest_route=\/wp\/v2\/pages\/186\/revisions"}],"predecessor-version":[{"id":820,"href":"http:\/\/gaestefuehrung-stedinger-land.de\/index.php?rest_route=\/wp\/v2\/pages\/186\/revisions\/820"}],"wp:attachment":[{"href":"http:\/\/gaestefuehrung-stedinger-land.de\/index.php?rest_route=%2Fwp%2Fv2%2Fmedia&parent=186"}],"curies":[{"name":"wp","href":"https:\/\/api.w.org\/{rel}","templated":true}]}}